{"id":78,"date":"2025-12-18T01:03:18","date_gmt":"2025-12-18T01:03:18","guid":{"rendered":"https:\/\/paoccostela.com.br\/?page_id=78"},"modified":"2025-12-18T02:42:35","modified_gmt":"2025-12-18T02:42:35","slug":"cardapio","status":"publish","type":"page","link":"https:\/\/paoccostela.com.br\/?page_id=78","title":{"rendered":"Card\u00e1pio"},"content":{"rendered":"\t\t<div data-elementor-type=\"wp-page\" data-elementor-id=\"78\" class=\"elementor elementor-78\" data-elementor-post-type=\"page\">\n\t\t\t\t<div class=\"elementor-element elementor-element-46750118 e-flex e-con-boxed e-con e-parent\" data-id=\"46750118\" data-element_type=\"container\" data-settings=\"{&quot;background_background&quot;:&quot;classic&quot;}\">\n\t\t\t\t\t<div class=\"e-con-inner\">\n\t\t\t\t<div class=\"elementor-element elementor-element-ff5cc9f elementor-widget elementor-widget-heading\" data-id=\"ff5cc9f\" data-element_type=\"widget\" data-widget_type=\"heading.default\">\n\t\t\t\t\t<h2 class=\"elementor-heading-title elementor-size-default\">CONHE\u00c7A O<\/h2>\t\t\t\t<\/div>\n\t\t\t\t<div class=\"elementor-element elementor-element-4880260c elementor-widget elementor-widget-heading\" data-id=\"4880260c\" data-element_type=\"widget\" data-widget_type=\"heading.default\">\n\t\t\t\t\t<h2 class=\"elementor-heading-title elementor-size-default\">CARD\u00c1PIO<\/h2>\t\t\t\t<\/div>\n\t\t\t\t<div class=\"elementor-element elementor-element-516ab526 elementor-widget__width-initial elementor-widget-laptop__width-initial elementor-widget-tablet_extra__width-initial elementor-widget elementor-widget-heading\" data-id=\"516ab526\" data-element_type=\"widget\" data-widget_type=\"heading.default\">\n\t\t\t\t\t<h2 class=\"elementor-heading-title elementor-size-default\">Nosso card\u00e1pio foi criado para surpreender em cada mordida. Do p\u00e3o com costela que \u00e9 nossa marca registrada a op\u00e7\u00f5es que combinam sabor, qualidade e personalidade.<\/h2>\t\t\t\t<\/div>\n\t\t\t\t\t<\/div>\n\t\t\t\t<\/div>\n\t\t<div class=\"elementor-element elementor-element-2edcdf10 e-flex e-con-boxed e-con e-parent\" data-id=\"2edcdf10\" data-element_type=\"container\" data-settings=\"{&quot;background_background&quot;:&quot;classic&quot;}\">\n\t\t\t\t\t<div class=\"e-con-inner\">\n\t\t\t\t<div class=\"elementor-element elementor-element-1575ca4e elementor-widget elementor-widget-heading\" data-id=\"1575ca4e\" data-element_type=\"widget\" data-widget_type=\"heading.default\">\n\t\t\t\t\t<h2 class=\"elementor-heading-title elementor-size-default\">A ESTRELA DO NEG\u00d3CIO<\/h2>\t\t\t\t<\/div>\n\t\t\t\t\t<\/div>\n\t\t\t\t<\/div>\n\t\t<div class=\"elementor-element elementor-element-7b900a0c e-flex e-con-boxed e-con e-parent\" data-id=\"7b900a0c\" data-element_type=\"container\">\n\t\t\t\t\t<div class=\"e-con-inner\">\n\t\t<div class=\"elementor-element elementor-element-35ea5fe6 e-con-full e-flex e-con e-child\" data-id=\"35ea5fe6\" data-element_type=\"container\">\n\t\t\t\t<div class=\"elementor-element elementor-element-46f5679f elementor-widget elementor-widget-image\" data-id=\"46f5679f\" data-element_type=\"widget\" data-widget_type=\"image.default\">\n\t\t\t\t\t\t\t\t\t\t\t\t\t\t\t<img fetchpriority=\"high\" decoding=\"async\" width=\"377\" height=\"281\" src=\"https:\/\/paoccostela.com.br\/wp-content\/uploads\/2025\/12\/TRADICIONAL-2.png\" class=\"attachment-full size-full wp-image-116\" alt=\"\" srcset=\"https:\/\/paoccostela.com.br\/wp-content\/uploads\/2025\/12\/TRADICIONAL-2.png 377w, https:\/\/paoccostela.com.br\/wp-content\/uploads\/2025\/12\/TRADICIONAL-2-300x224.png 300w\" sizes=\"(max-width: 377px) 100vw, 377px\" \/>\t\t\t\t\t\t\t\t\t\t\t\t\t\t\t<\/div>\n\t\t\t\t<div class=\"elementor-element elementor-element-2db4c8bb elementor-widget elementor-widget-heading\" data-id=\"2db4c8bb\" data-element_type=\"widget\" data-widget_type=\"heading.default\">\n\t\t\t\t\t<h2 class=\"elementor-heading-title elementor-size-default\">TRADICIONAL<\/h2>\t\t\t\t<\/div>\n\t\t\t\t<div class=\"elementor-element elementor-element-3adb7d39 elementor-widget elementor-widget-text-editor\" data-id=\"3adb7d39\" data-element_type=\"widget\" data-widget_type=\"text-editor.default\">\n\t\t\t\t\t\t\t\t\t<p>P\u00e3o brioche, costela desfiada, blend de queijos.<\/p>\t\t\t\t\t\t\t\t<\/div>\n\t\t\t\t<\/div>\n\t\t<div class=\"elementor-element elementor-element-25c140ea e-con-full e-flex e-con e-child\" data-id=\"25c140ea\" data-element_type=\"container\">\n\t\t\t\t<div class=\"elementor-element elementor-element-6c102ae elementor-widget elementor-widget-image\" data-id=\"6c102ae\" data-element_type=\"widget\" data-widget_type=\"image.default\">\n\t\t\t\t\t\t\t\t\t\t\t\t\t\t\t<img decoding=\"async\" width=\"377\" height=\"281\" src=\"https:\/\/paoccostela.com.br\/wp-content\/uploads\/2025\/12\/ESPECIAL-GORGONZOLA-1.png\" class=\"attachment-full size-full wp-image-117\" alt=\"\" srcset=\"https:\/\/paoccostela.com.br\/wp-content\/uploads\/2025\/12\/ESPECIAL-GORGONZOLA-1.png 377w, https:\/\/paoccostela.com.br\/wp-content\/uploads\/2025\/12\/ESPECIAL-GORGONZOLA-1-300x224.png 300w\" sizes=\"(max-width: 377px) 100vw, 377px\" \/>\t\t\t\t\t\t\t\t\t\t\t\t\t\t\t<\/div>\n\t\t\t\t<div class=\"elementor-element elementor-element-40478cd6 elementor-widget elementor-widget-heading\" data-id=\"40478cd6\" data-element_type=\"widget\" data-widget_type=\"heading.default\">\n\t\t\t\t\t<h2 class=\"elementor-heading-title elementor-size-default\">ESPECIAL GORGONZOLA<\/h2>\t\t\t\t<\/div>\n\t\t\t\t<div class=\"elementor-element elementor-element-111c97ba elementor-widget elementor-widget-text-editor\" data-id=\"111c97ba\" data-element_type=\"widget\" data-widget_type=\"text-editor.default\">\n\t\t\t\t\t\t\t\t\t<p>P\u00e3o brioche, creme de gorgonzola e costela desfiada.<\/p>\t\t\t\t\t\t\t\t<\/div>\n\t\t\t\t<\/div>\n\t\t<div class=\"elementor-element elementor-element-316195d2 e-con-full e-flex e-con e-child\" data-id=\"316195d2\" data-element_type=\"container\">\n\t\t\t\t<div class=\"elementor-element elementor-element-3dc0b74a elementor-widget elementor-widget-image\" data-id=\"3dc0b74a\" data-element_type=\"widget\" data-widget_type=\"image.default\">\n\t\t\t\t\t\t\t\t\t\t\t\t\t\t\t<img decoding=\"async\" width=\"377\" height=\"281\" src=\"https:\/\/paoccostela.com.br\/wp-content\/uploads\/2025\/12\/PAO-DE-ALHO.png\" class=\"attachment-full size-full wp-image-118\" alt=\"\" srcset=\"https:\/\/paoccostela.com.br\/wp-content\/uploads\/2025\/12\/PAO-DE-ALHO.png 377w, https:\/\/paoccostela.com.br\/wp-content\/uploads\/2025\/12\/PAO-DE-ALHO-300x224.png 300w\" sizes=\"(max-width: 377px) 100vw, 377px\" \/>\t\t\t\t\t\t\t\t\t\t\t\t\t\t\t<\/div>\n\t\t\t\t<div class=\"elementor-element elementor-element-7d2dcdb8 elementor-widget elementor-widget-heading\" data-id=\"7d2dcdb8\" data-element_type=\"widget\" data-widget_type=\"heading.default\">\n\t\t\t\t\t<h2 class=\"elementor-heading-title elementor-size-default\">P\u00c3O DE ALHO<\/h2>\t\t\t\t<\/div>\n\t\t\t\t<div class=\"elementor-element elementor-element-843ec2c elementor-widget elementor-widget-text-editor\" data-id=\"843ec2c\" data-element_type=\"widget\" data-widget_type=\"text-editor.default\">\n\t\t\t\t\t\t\t\t\t<p>P\u00e3o de alho, costela desfiada, blend de queijos.<\/p>\t\t\t\t\t\t\t\t<\/div>\n\t\t\t\t<\/div>\n\t\t<div class=\"elementor-element elementor-element-1b0b03d2 e-con-full e-flex e-con e-child\" data-id=\"1b0b03d2\" data-element_type=\"container\">\n\t\t\t\t<div class=\"elementor-element elementor-element-2a6de2f0 elementor-widget elementor-widget-image\" data-id=\"2a6de2f0\" data-element_type=\"widget\" data-widget_type=\"image.default\">\n\t\t\t\t\t\t\t\t\t\t\t\t\t\t\t<img loading=\"lazy\" decoding=\"async\" width=\"377\" height=\"281\" src=\"https:\/\/paoccostela.com.br\/wp-content\/uploads\/2025\/12\/ESPECIAL-PROVOLONE.jpg\" class=\"attachment-full size-full wp-image-83\" alt=\"\" srcset=\"https:\/\/paoccostela.com.br\/wp-content\/uploads\/2025\/12\/ESPECIAL-PROVOLONE.jpg 377w, https:\/\/paoccostela.com.br\/wp-content\/uploads\/2025\/12\/ESPECIAL-PROVOLONE-300x224.jpg 300w\" sizes=\"(max-width: 377px) 100vw, 377px\" \/>\t\t\t\t\t\t\t\t\t\t\t\t\t\t\t<\/div>\n\t\t\t\t<div class=\"elementor-element elementor-element-3153a3f9 elementor-widget elementor-widget-heading\" data-id=\"3153a3f9\" data-element_type=\"widget\" data-widget_type=\"heading.default\">\n\t\t\t\t\t<h2 class=\"elementor-heading-title elementor-size-default\">ESPECIAL PROVOLONE<\/h2>\t\t\t\t<\/div>\n\t\t\t\t<div class=\"elementor-element elementor-element-f86089e elementor-widget elementor-widget-text-editor\" data-id=\"f86089e\" data-element_type=\"widget\" data-widget_type=\"text-editor.default\">\n\t\t\t\t\t\t\t\t\t<p>P\u00e3o brioche, costela desfiada, queijo provolone, blend de queijos e r\u00facula.<\/p>\t\t\t\t\t\t\t\t<\/div>\n\t\t\t\t<\/div>\n\t\t<div class=\"elementor-element elementor-element-28a87ffc e-con-full e-flex e-con e-child\" data-id=\"28a87ffc\" data-element_type=\"container\">\n\t\t\t\t<div class=\"elementor-element elementor-element-119dfe92 elementor-widget elementor-widget-image\" data-id=\"119dfe92\" data-element_type=\"widget\" data-widget_type=\"image.default\">\n\t\t\t\t\t\t\t\t\t\t\t\t\t\t\t<img loading=\"lazy\" decoding=\"async\" width=\"377\" height=\"281\" src=\"https:\/\/paoccostela.com.br\/wp-content\/uploads\/2025\/12\/CHILLI-PEPERS.jpg\" class=\"attachment-full size-full wp-image-84\" alt=\"\" srcset=\"https:\/\/paoccostela.com.br\/wp-content\/uploads\/2025\/12\/CHILLI-PEPERS.jpg 377w, https:\/\/paoccostela.com.br\/wp-content\/uploads\/2025\/12\/CHILLI-PEPERS-300x224.jpg 300w\" sizes=\"(max-width: 377px) 100vw, 377px\" \/>\t\t\t\t\t\t\t\t\t\t\t\t\t\t\t<\/div>\n\t\t\t\t<div class=\"elementor-element elementor-element-760f66b7 elementor-widget elementor-widget-heading\" data-id=\"760f66b7\" data-element_type=\"widget\" data-widget_type=\"heading.default\">\n\t\t\t\t\t<h2 class=\"elementor-heading-title elementor-size-default\">CHILLI PEPPERS<\/h2>\t\t\t\t<\/div>\n\t\t\t\t<div class=\"elementor-element elementor-element-1dbedf58 elementor-widget elementor-widget-text-editor\" data-id=\"1dbedf58\" data-element_type=\"widget\" data-widget_type=\"text-editor.default\">\n\t\t\t\t\t\t\t\t\t<p>P\u00e3o brioche, costela desfiada, molho artesanal de pimenta e blend de queijos.<\/p>\t\t\t\t\t\t\t\t<\/div>\n\t\t\t\t<\/div>\n\t\t<div class=\"elementor-element elementor-element-7deb1a29 e-con-full e-flex e-con e-child\" data-id=\"7deb1a29\" data-element_type=\"container\">\n\t\t\t\t<div class=\"elementor-element elementor-element-3dfd2c5d elementor-widget elementor-widget-image\" data-id=\"3dfd2c5d\" data-element_type=\"widget\" data-widget_type=\"image.default\">\n\t\t\t\t\t\t\t\t\t\t\t\t\t\t\t<img loading=\"lazy\" decoding=\"async\" width=\"377\" height=\"281\" src=\"https:\/\/paoccostela.com.br\/wp-content\/uploads\/2025\/12\/CHEDDAR-BACON.jpg\" class=\"attachment-full size-full wp-image-85\" alt=\"\" srcset=\"https:\/\/paoccostela.com.br\/wp-content\/uploads\/2025\/12\/CHEDDAR-BACON.jpg 377w, https:\/\/paoccostela.com.br\/wp-content\/uploads\/2025\/12\/CHEDDAR-BACON-300x224.jpg 300w\" sizes=\"(max-width: 377px) 100vw, 377px\" \/>\t\t\t\t\t\t\t\t\t\t\t\t\t\t\t<\/div>\n\t\t\t\t<div class=\"elementor-element elementor-element-52968588 elementor-widget elementor-widget-heading\" data-id=\"52968588\" data-element_type=\"widget\" data-widget_type=\"heading.default\">\n\t\t\t\t\t<h2 class=\"elementor-heading-title elementor-size-default\">CHEDDAR BACON<\/h2>\t\t\t\t<\/div>\n\t\t\t\t<div class=\"elementor-element elementor-element-2f3e3e66 elementor-widget elementor-widget-text-editor\" data-id=\"2f3e3e66\" data-element_type=\"widget\" data-widget_type=\"text-editor.default\">\n\t\t\t\t\t\t\t\t\t<p>P\u00e3o brioche, costela desfiada, cheddar, bacon e blend de queijos.<\/p>\t\t\t\t\t\t\t\t<\/div>\n\t\t\t\t<\/div>\n\t\t<div class=\"elementor-element elementor-element-1743944c e-con-full e-flex e-con e-child\" data-id=\"1743944c\" data-element_type=\"container\">\n\t\t\t\t<div class=\"elementor-element elementor-element-41fd909e elementor-widget elementor-widget-image\" data-id=\"41fd909e\" data-element_type=\"widget\" data-widget_type=\"image.default\">\n\t\t\t\t\t\t\t\t\t\t\t\t\t\t\t<img loading=\"lazy\" decoding=\"async\" width=\"377\" height=\"281\" src=\"https:\/\/paoccostela.com.br\/wp-content\/uploads\/2025\/12\/BARBECUE.jpg\" class=\"attachment-full size-full wp-image-86\" alt=\"\" srcset=\"https:\/\/paoccostela.com.br\/wp-content\/uploads\/2025\/12\/BARBECUE.jpg 377w, https:\/\/paoccostela.com.br\/wp-content\/uploads\/2025\/12\/BARBECUE-300x224.jpg 300w\" sizes=\"(max-width: 377px) 100vw, 377px\" \/>\t\t\t\t\t\t\t\t\t\t\t\t\t\t\t<\/div>\n\t\t\t\t<div class=\"elementor-element elementor-element-181da599 elementor-widget elementor-widget-heading\" data-id=\"181da599\" data-element_type=\"widget\" data-widget_type=\"heading.default\">\n\t\t\t\t\t<h2 class=\"elementor-heading-title elementor-size-default\">BARBECUE<\/h2>\t\t\t\t<\/div>\n\t\t\t\t<div class=\"elementor-element elementor-element-56ad0421 elementor-widget elementor-widget-text-editor\" data-id=\"56ad0421\" data-element_type=\"widget\" data-widget_type=\"text-editor.default\">\n\t\t\t\t\t\t\t\t\t<p>P\u00e3o ciabatta, costela desfiada, molho barbecue.<\/p>\t\t\t\t\t\t\t\t<\/div>\n\t\t\t\t<\/div>\n\t\t<div class=\"elementor-element elementor-element-5e52ee04 e-con-full e-flex e-con e-child\" data-id=\"5e52ee04\" data-element_type=\"container\">\n\t\t\t\t<div class=\"elementor-element elementor-element-6a54c7c elementor-widget elementor-widget-image\" data-id=\"6a54c7c\" data-element_type=\"widget\" data-widget_type=\"image.default\">\n\t\t\t\t\t\t\t\t\t\t\t\t\t\t\t<img loading=\"lazy\" decoding=\"async\" width=\"377\" height=\"281\" src=\"https:\/\/paoccostela.com.br\/wp-content\/uploads\/2025\/12\/BACON-PARADISE.jpg\" class=\"attachment-full size-full wp-image-87\" alt=\"\" srcset=\"https:\/\/paoccostela.com.br\/wp-content\/uploads\/2025\/12\/BACON-PARADISE.jpg 377w, https:\/\/paoccostela.com.br\/wp-content\/uploads\/2025\/12\/BACON-PARADISE-300x224.jpg 300w\" sizes=\"(max-width: 377px) 100vw, 377px\" \/>\t\t\t\t\t\t\t\t\t\t\t\t\t\t\t<\/div>\n\t\t\t\t<div class=\"elementor-element elementor-element-bacc5aa elementor-widget elementor-widget-heading\" data-id=\"bacc5aa\" data-element_type=\"widget\" data-widget_type=\"heading.default\">\n\t\t\t\t\t<h2 class=\"elementor-heading-title elementor-size-default\">BACON PARADISE<\/h2>\t\t\t\t<\/div>\n\t\t\t\t<div class=\"elementor-element elementor-element-7e279098 elementor-widget elementor-widget-text-editor\" data-id=\"7e279098\" data-element_type=\"widget\" data-widget_type=\"text-editor.default\">\n\t\t\t\t\t\t\t\t\t<p>P\u00e3o brioche, costela desfiada, bacon crocante, picles e blend de queijos.<\/p>\t\t\t\t\t\t\t\t<\/div>\n\t\t\t\t<\/div>\n\t\t<div class=\"elementor-element elementor-element-6c668762 e-con-full e-flex e-con e-child\" data-id=\"6c668762\" data-element_type=\"container\">\n\t\t\t\t<div class=\"elementor-element elementor-element-396ac0ba elementor-widget elementor-widget-image\" data-id=\"396ac0ba\" data-element_type=\"widget\" data-widget_type=\"image.default\">\n\t\t\t\t\t\t\t\t\t\t\t\t\t\t\t<img loading=\"lazy\" decoding=\"async\" width=\"377\" height=\"281\" src=\"https:\/\/paoccostela.com.br\/wp-content\/uploads\/2025\/12\/PULLED-PORK.jpg\" class=\"attachment-full size-full wp-image-88\" alt=\"\" srcset=\"https:\/\/paoccostela.com.br\/wp-content\/uploads\/2025\/12\/PULLED-PORK.jpg 377w, https:\/\/paoccostela.com.br\/wp-content\/uploads\/2025\/12\/PULLED-PORK-300x224.jpg 300w\" sizes=\"(max-width: 377px) 100vw, 377px\" \/>\t\t\t\t\t\t\t\t\t\t\t\t\t\t\t<\/div>\n\t\t\t\t<div class=\"elementor-element elementor-element-50b43e6 elementor-widget elementor-widget-heading\" data-id=\"50b43e6\" data-element_type=\"widget\" data-widget_type=\"heading.default\">\n\t\t\t\t\t<h2 class=\"elementor-heading-title elementor-size-default\">PULLED PORK<\/h2>\t\t\t\t<\/div>\n\t\t\t\t<div class=\"elementor-element elementor-element-50516635 elementor-widget elementor-widget-text-editor\" data-id=\"50516635\" data-element_type=\"widget\" data-widget_type=\"text-editor.default\">\n\t\t\t\t\t\t\t\t\t<p>P\u00e3o ciabatta, pernil de porco desfiado, abacaxi glaceado.<\/p>\t\t\t\t\t\t\t\t<\/div>\n\t\t\t\t<\/div>\n\t\t<div class=\"elementor-element elementor-element-15c1e80f e-con-full e-flex e-con e-child\" data-id=\"15c1e80f\" data-element_type=\"container\">\n\t\t\t\t<div class=\"elementor-element elementor-element-7debffcb elementor-widget elementor-widget-image\" data-id=\"7debffcb\" data-element_type=\"widget\" data-widget_type=\"image.default\">\n\t\t\t\t\t\t\t\t\t\t\t\t\t\t\t<img loading=\"lazy\" decoding=\"async\" width=\"377\" height=\"281\" src=\"https:\/\/paoccostela.com.br\/wp-content\/uploads\/2025\/12\/CRISPY-BACON.jpg\" class=\"attachment-full size-full wp-image-89\" alt=\"\" srcset=\"https:\/\/paoccostela.com.br\/wp-content\/uploads\/2025\/12\/CRISPY-BACON.jpg 377w, https:\/\/paoccostela.com.br\/wp-content\/uploads\/2025\/12\/CRISPY-BACON-300x224.jpg 300w\" sizes=\"(max-width: 377px) 100vw, 377px\" \/>\t\t\t\t\t\t\t\t\t\t\t\t\t\t\t<\/div>\n\t\t\t\t<div class=\"elementor-element elementor-element-a112ce7 elementor-widget elementor-widget-heading\" data-id=\"a112ce7\" data-element_type=\"widget\" data-widget_type=\"heading.default\">\n\t\t\t\t\t<h2 class=\"elementor-heading-title elementor-size-default\">CRISPY BACON<\/h2>\t\t\t\t<\/div>\n\t\t\t\t<div class=\"elementor-element elementor-element-1dd0c150 elementor-widget elementor-widget-text-editor\" data-id=\"1dd0c150\" data-element_type=\"widget\" data-widget_type=\"text-editor.default\">\n\t\t\t\t\t\t\t\t\t<p>P\u00e3o brioche, costela desfiada, blend de queijos, cebola crispy, bacon crocante e tomate seco.<\/p>\t\t\t\t\t\t\t\t<\/div>\n\t\t\t\t<\/div>\n\t\t<div class=\"elementor-element elementor-element-5bf19479 e-con-full e-flex e-con e-child\" data-id=\"5bf19479\" data-element_type=\"container\">\n\t\t\t\t<div class=\"elementor-element elementor-element-6746c99 elementor-widget elementor-widget-image\" data-id=\"6746c99\" data-element_type=\"widget\" data-widget_type=\"image.default\">\n\t\t\t\t\t\t\t\t\t\t\t\t\t\t\t<img loading=\"lazy\" decoding=\"async\" width=\"377\" height=\"281\" src=\"https:\/\/paoccostela.com.br\/wp-content\/uploads\/2025\/12\/SOPA-CAIPIRA.jpg\" class=\"attachment-full size-full wp-image-90\" alt=\"\" srcset=\"https:\/\/paoccostela.com.br\/wp-content\/uploads\/2025\/12\/SOPA-CAIPIRA.jpg 377w, https:\/\/paoccostela.com.br\/wp-content\/uploads\/2025\/12\/SOPA-CAIPIRA-300x224.jpg 300w\" sizes=\"(max-width: 377px) 100vw, 377px\" \/>\t\t\t\t\t\t\t\t\t\t\t\t\t\t\t<\/div>\n\t\t\t\t<div class=\"elementor-element elementor-element-13e8a63a elementor-widget elementor-widget-heading\" data-id=\"13e8a63a\" data-element_type=\"widget\" data-widget_type=\"heading.default\">\n\t\t\t\t\t<h2 class=\"elementor-heading-title elementor-size-default\">SOPA CAIPIRA<\/h2>\t\t\t\t<\/div>\n\t\t\t\t<div class=\"elementor-element elementor-element-2c35dc5f elementor-widget elementor-widget-text-editor\" data-id=\"2c35dc5f\" data-element_type=\"widget\" data-widget_type=\"text-editor.default\">\n\t\t\t\t\t\t\t\t\t<p>Sopa com frango, legumes e agnoline.<\/p>\t\t\t\t\t\t\t\t<\/div>\n\t\t\t\t<\/div>\n\t\t<div class=\"elementor-element elementor-element-20bd3000 e-con-full e-flex e-con e-child\" data-id=\"20bd3000\" data-element_type=\"container\">\n\t\t\t\t<div class=\"elementor-element elementor-element-399a21fc elementor-widget elementor-widget-image\" data-id=\"399a21fc\" data-element_type=\"widget\" data-widget_type=\"image.default\">\n\t\t\t\t\t\t\t\t\t\t\t\t\t\t\t<img loading=\"lazy\" decoding=\"async\" width=\"377\" height=\"281\" src=\"https:\/\/paoccostela.com.br\/wp-content\/uploads\/2025\/12\/VACA-TOLADA.jpg\" class=\"attachment-full size-full wp-image-91\" alt=\"\" srcset=\"https:\/\/paoccostela.com.br\/wp-content\/uploads\/2025\/12\/VACA-TOLADA.jpg 377w, https:\/\/paoccostela.com.br\/wp-content\/uploads\/2025\/12\/VACA-TOLADA-300x224.jpg 300w\" sizes=\"(max-width: 377px) 100vw, 377px\" \/>\t\t\t\t\t\t\t\t\t\t\t\t\t\t\t<\/div>\n\t\t\t\t<div class=\"elementor-element elementor-element-2f5e0030 elementor-widget elementor-widget-heading\" data-id=\"2f5e0030\" data-element_type=\"widget\" data-widget_type=\"heading.default\">\n\t\t\t\t\t<h2 class=\"elementor-heading-title elementor-size-default\">VACA TOLADA<\/h2>\t\t\t\t<\/div>\n\t\t\t\t<div class=\"elementor-element elementor-element-75dfe0ae elementor-widget elementor-widget-text-editor\" data-id=\"75dfe0ae\" data-element_type=\"widget\" data-widget_type=\"text-editor.default\">\n\t\t\t\t\t\t\t\t\t<p>Costela ao molho com mandioca.<\/p>\t\t\t\t\t\t\t\t<\/div>\n\t\t\t\t<\/div>\n\t\t\t\t\t<\/div>\n\t\t\t\t<\/div>\n\t\t\t\t<\/div>\n\t\t","protected":false},"excerpt":{"rendered":"<p>CONHE\u00c7A O CARD\u00c1PIO Nosso card\u00e1pio foi criado para surpreender em cada mordida. Do p\u00e3o com costela que \u00e9 nossa marca registrada a op\u00e7\u00f5es que combinam sabor, qualidade e personalidade. A ESTRELA DO NEG\u00d3CIO TRADICIONAL P\u00e3o brioche, costela desfiada, blend de queijos. ESPECIAL GORGONZOLA P\u00e3o brioche, creme de gorgonzola e costela desfiada. P\u00c3O DE ALHO P\u00e3o [&hellip;]<\/p>\n","protected":false},"author":1,"featured_media":0,"parent":0,"menu_order":0,"comment_status":"closed","ping_status":"closed","template":"","meta":{"footnotes":""},"class_list":["post-78","page","type-page","status-publish","hentry"],"_links":{"self":[{"href":"https:\/\/paoccostela.com.br\/index.php?rest_route=\/wp\/v2\/pages\/78","targetHints":{"allow":["GET"]}}],"collection":[{"href":"https:\/\/paoccostela.com.br\/index.php?rest_route=\/wp\/v2\/pages"}],"about":[{"href":"https:\/\/paoccostela.com.br\/index.php?rest_route=\/wp\/v2\/types\/page"}],"author":[{"embeddable":true,"href":"https:\/\/paoccostela.com.br\/index.php?rest_route=\/wp\/v2\/users\/1"}],"replies":[{"embeddable":true,"href":"https:\/\/paoccostela.com.br\/index.php?rest_route=%2Fwp%2Fv2%2Fcomments&post=78"}],"version-history":[{"count":5,"href":"https:\/\/paoccostela.com.br\/index.php?rest_route=\/wp\/v2\/pages\/78\/revisions"}],"predecessor-version":[{"id":185,"href":"https:\/\/paoccostela.com.br\/index.php?rest_route=\/wp\/v2\/pages\/78\/revisions\/185"}],"wp:attachment":[{"href":"https:\/\/paoccostela.com.br\/index.php?rest_route=%2Fwp%2Fv2%2Fmedia&parent=78"}],"curies":[{"name":"wp","href":"https:\/\/api.w.org\/{rel}","templated":true}]}}